{"id":3,"date":"2023-05-01T11:50:13","date_gmt":"2023-05-01T09:50:13","guid":{"rendered":"https:\/\/www.datarobics.de\/?page_id=3"},"modified":"2025-01-12T18:22:41","modified_gmt":"2025-01-12T17:22:41","slug":"datenschutzerklaerung","status":"publish","type":"page","link":"https:\/\/www.datarobics.de\/?page_id=3","title":{"rendered":"Datenschutzerkl\u00e4rung"},"content":{"rendered":"\n<p>Mit den nachfolgenden Angaben informieren wir Sie dar\u00fcber, welche personenbezogenen Daten wir erheben, wenn Sie dieses Angebot nutzen und wie wir mit diesen Daten umgehen. Sie k\u00f6nnen diese Datenschutzinformation jederzeit unter der Rubrik \u201eDatenschutz\u201c auf der Website aufrufen.<\/p>\n\n\n\n<p>Die Rechtsgrundlage ist die Datenschutzgrundverordnung (DSGVO). Auch die hier verwendeten Begrifflichkeiten sind ma\u00dfgeblich der DSGVO entlehnt. Zudem gelten die gesetzlichen Regelungen zum Datenschutz in Deutschland. Hierzu geh\u00f6rt insbesondere das Gesetz zum Schutz vor Missbrauch personenbezogener Daten bei der Datenverarbeitung (Bundesdatenschutzgesetz \u2013 BDSG). Das BDSG enth\u00e4lt v.a. Regelungen zum Recht auf Auskunft, auf L\u00f6schung und Widerspruch. Bitte beachten Sie, dass in Ihrem Wohnland weitere oder abweichende Regeln gelten k\u00f6nnen.<\/p>\n\n\n\n<p>Bitte beachten Sie, dass in Ihrem Wohnland weitere oder abweichende Regeln gelten k\u00f6nnen.<\/p>\n\n\n\n<p><\/p>\n\n\n\n<h2 class=\"wp-block-heading\">Verantwortlich \/ Impressum<\/h2>\n\n\n\n<p>f\u00fcr die Inhalte dieses Angebots und im Sinne des geltenden Datenschutzrechts:<\/p>\n\n\n\n<p>Tobias Baumhauer<br>Happurger Str. 106<br>90482 N\u00fcrnberg<br>verichain@cabp.de<\/p>\n\n\n\n<p><\/p>\n\n\n\n<h2 class=\"wp-block-heading\">Gespeicherte Daten<\/h2>\n\n\n\n<p>Wenn Sie unsere Website besuchen, speichern und verarbeiten aufgrund unseres berechtigten Interesses (s. Art. 6 Abs. 1 lit. f. DSGVO) die folgenden Daten von Ihnen:<\/p>\n\n\n\n<ul class=\"wp-block-list\">\n<li>Meta-\/Kommunikationsdaten (z.B. IP-Adressen, Ger\u00e4teinformationen).<\/li>\n\n\n\n<li>Nutzungsdaten (z.B. besuchte Seiten, Zugriffszeiten).<\/li>\n<\/ul>\n\n\n\n<p>Zweck der Speicherung und Verarbeitung ist es,<\/p>\n\n\n\n<ul class=\"wp-block-list\">\n<li>zur allgemeinen Verbesserung des Angebots die Benutzeraktivit\u00e4t auszuwerten.<\/li>\n\n\n\n<li>technische Probleme zuerkennen und die daf\u00fcr notwendige Diagnoseinformation zu sammeln.<\/li>\n<\/ul>\n\n\n\n<p>Nutzer des Angebots haben die M\u00f6glichkeit der Einwilligung in die Erhebung, Verarbeitung oder Nutzung ihrer personenbezogenen Daten jederzeit mit Wirkung f\u00fcr die Zukunft zu widerrufen, Auskunft dar\u00fcber zu erhalten oder die  L\u00f6schung aller personenbezogenen Daten anzufordern. Wenden Sie sich dazu bitte postalisch oder per eMail datarobics(a)cabp.de an uns. Dies umfasst nicht die Daten, die wir aufgrund administrativer, rechtlicher oder sicherheitsrelevanter Notwendigkeiten aufbewahren m\u00fcssen.<\/p>\n\n\n\n<p><\/p>\n\n\n\n<h2 class=\"wp-block-heading\">Links und Inhalte Dritter<\/h2>\n\n\n\n<p>Das Angebot kann Inhalte und Links auf andere Websites enthalten. Dazu geh\u00f6ren relevante Inhalte und Angebote im gleichen Kontext, sowie technische Artefakte, die wir f\u00fcr den ordnungsgem\u00e4\u00dfen Betrieb unseres Angebots einsetzen.<\/p>\n\n\n\n<p>Eingebettete Inhalte von anderen Websites verhalten sich exakt so, als ob der Besucher die andere Website besucht h\u00e4tte. Diese Websites k\u00f6nnen Daten \u00fcber Sie sammeln, Cookies benutzen, zus\u00e4tzliche Tracking-Dienste von Dritten einbetten und Ihre Interaktion mit diesem eingebetteten Inhalt aufzeichnen, inklusive Ihrer Interaktion mit dem eingebetteten Inhalt.<\/p>\n\n\n\n<p><\/p>\n\n\n\n<h2 class=\"wp-block-heading\">Cookies<\/h2>\n\n\n\n<p>Wir setzen Cookies ein, die lokal auf dem Computer des Benutzers gespeichert werden. Die Cookies dienen dazu, die technische Funktionsf\u00e4higkeit sicherzustellen oder auch dazu, Informationen \u00fcber einen Benutzer w\u00e4hrend und nach seinem Besuch dieses Onlineangebotes zu speichern. Dazu geh\u00f6ren auch \u201eNutzer-IDs\u201c, \u00fcber die ein Benutzer wiedererkannt werden und gespeicherte Informationen zugeordnet werden k\u00f6nnen.<\/p>\n\n\n\n<p>Vor der Nutzung von Daten aus Cookies, bitten wir Sie um eine jederzeit widerrufbare Einwilligung, wie auch im Folgeabsatz &#8222;Nutzung von Google Analytics&#8220; beschrieben. Bevor die Einwilligung nicht ausgesprochen wurde, werden allenfalls Cookies eingesetzt, die f\u00fcr den Betrieb unseres Onlineangebotes erforderlich sind. Deren Einsatz erfolgt auf der Grundlage unseres Interesses und des Interesses der Nutzer an der erwarteten Funktionsf\u00e4higkeit unseres Onlineangebotes.<\/p>\n\n\n\n<p><\/p>\n\n\n\n<h2 class=\"wp-block-heading\">Nutzung von Google Analytics<\/h2>\n\n\n\n<p><em>Dieser Absatz ist mit Hilfe der Quelle: <a href=\"https:\/\/traffic3.net\/wissen\/webanalyse\/google-analytics-datenschutzerklarung\">traffic3.net<\/a>  entstanden!<\/em><br>Wir verwenden Google Analytics, um die Website-Nutzung zu analysieren. Die daraus gewonnenen Daten werden genutzt, um unsere Website sowie Werbema\u00dfnahmen zu optimieren.&nbsp;<\/p>\n\n\n\n<p>Google Analytics wird uns von&nbsp;Google Ireland Limited (Gordon House, Barrow Street, Dublin 4, Irland) bereitgestellt. Google verarbeitet die Daten zur Website-Nutzung in unserem Auftrag und verpflichtet sich vertraglich zu Ma\u00dfnahmen, um die Sicherheit und Vertraulichkeit der verarbeiteten Daten zu gew\u00e4hrleisten.<\/p>\n\n\n\n<p>W\u00e4hrend Ihres Website-Besuchs werden u.a. folgende Daten aufgezeichnet:<\/p>\n\n\n\n<ul class=\"wp-block-list\">\n<li>Aufgerufene Seiten<\/li>\n\n\n\n<li>Ihr Verhalten auf den Seiten<\/li>\n\n\n\n<li>Ihr ungef\u00e4hrer Standort (Land und Stadt)<\/li>\n\n\n\n<li>Ihre IP-Adresse<\/li>\n\n\n\n<li>Technische Informationen wie Browser, Internetanbieter, Endger\u00e4t und Bildschirmaufl\u00f6sung<\/li>\n\n\n\n<li>Herkunftsquelle Ihres Besuchs (d.h. \u00fcber welche Website bzw. \u00fcber welches Werbemittel Sie zu uns gekommen sind)<\/li>\n<\/ul>\n\n\n\n<p>Es werden niemals pers\u00f6nliche Daten wie Name, Anschrift oder Kontaktdaten an Google Analytics \u00fcbertragen.<\/p>\n\n\n\n<p>Diese Daten werden an Server von Google in den USA \u00fcbertragen. Wir weisen darauf hin, dass in den USA datenschutzrechtlich nicht das gleiche Schutzniveau wie innerhalb der EU garantiert werden kann.&nbsp;<\/p>\n\n\n\n<p>Google Analytics speichert Cookies in Ihrem Webbrowser f\u00fcr die Dauer von zwei&nbsp;Jahren seit Ihrem letzten Besuch. Diese Cookies enthaltene eine zufallsgenerierte User-ID, mit der Sie bei zuk\u00fcnftigen Website-Besuchen wiedererkannt werden k\u00f6nnen.<\/p>\n\n\n\n<p>Die aufgezeichneten Daten werden zusammen mit der zufallsgenerierten User-ID gespeichert, was die Auswertung pseudonymer Nutzerprofile erm\u00f6glicht. Diese nutzerbezogenen Daten werden automatisch nach 14 Monaten gel\u00f6scht. Sonstige Daten bleiben in aggregierter Form unbefristet gespeichert.<\/p>\n\n\n\n<p>Sollten Sie mit der Erfassung nicht einverstanden sein, k\u00f6nnen Sie diese mit der einmaligen Installation des <a href=\"https:\/\/tools.google.com\/dlpage\/gaoptout?hl=de\">Browser-Add-ons zur Deaktivierung von Google Analytics<\/a> unterbinden oder durch das Ablehnen der Cookies \u00fcber unseren Cookie-Einstellungs-Dialog.<\/p>\n\n\n\n<p><\/p>\n\n\n\n<p><\/p>\n","protected":false},"excerpt":{"rendered":"<p>Mit den nachfolgenden Angaben informieren wir Sie dar\u00fcber, welche personenbezogenen Daten wir erheben, wenn Sie dieses Angebot nutzen und wie wir mit diesen Daten umgehen. Sie k\u00f6nnen diese Datenschutzinformation jederzeit unter der Rubrik \u201eDatenschutz\u201c auf der Website aufrufen. Die Rechtsgrundlage ist die Datenschutzgrundverordnung (DSGVO). Auch die hier verwendeten Begrifflichkeiten sind ma\u00dfgeblich der DSGVO entlehnt. Zudem [&hellip;]<\/p>\n","protected":false},"author":1,"featured_media":0,"parent":0,"menu_order":0,"comment_status":"closed","ping_status":"open","template":"","meta":{"footnotes":""},"class_list":["post-3","page","type-page","status-publish","hentry"],"_links":{"self":[{"href":"https:\/\/www.datarobics.de\/index.php?rest_route=\/wp\/v2\/pages\/3","targetHints":{"allow":["GET"]}}],"collection":[{"href":"https:\/\/www.datarobics.de\/index.php?rest_route=\/wp\/v2\/pages"}],"about":[{"href":"https:\/\/www.datarobics.de\/index.php?rest_route=\/wp\/v2\/types\/page"}],"author":[{"embeddable":true,"href":"https:\/\/www.datarobics.de\/index.php?rest_route=\/wp\/v2\/users\/1"}],"replies":[{"embeddable":true,"href":"https:\/\/www.datarobics.de\/index.php?rest_route=%2Fwp%2Fv2%2Fcomments&post=3"}],"version-history":[{"count":4,"href":"https:\/\/www.datarobics.de\/index.php?rest_route=\/wp\/v2\/pages\/3\/revisions"}],"predecessor-version":[{"id":45,"href":"https:\/\/www.datarobics.de\/index.php?rest_route=\/wp\/v2\/pages\/3\/revisions\/45"}],"wp:attachment":[{"href":"https:\/\/www.datarobics.de\/index.php?rest_route=%2Fwp%2Fv2%2Fmedia&parent=3"}],"curies":[{"name":"wp","href":"https:\/\/api.w.org\/{rel}","templated":true}]}}